{"id":4682,"date":"2021-02-10T15:37:09","date_gmt":"2021-02-10T14:37:09","guid":{"rendered":"https:\/\/princ-card.com\/privacy-policy\/"},"modified":"2021-02-10T15:37:09","modified_gmt":"2021-02-10T14:37:09","slug":"privacy-policy","status":"publish","type":"page","link":"https:\/\/princ-card.com\/en\/privacy-policy\/","title":{"rendered":"Privacy Policy"},"content":{"rendered":"<p><strong>ZA\u0160TITA OSOBNIH PODATAKA<\/strong><\/p>\n<p>&nbsp;<\/p>\n<p>Princ d.o.o. obavezuje se \u010duvati privatnost i tajnost osobnih podataka svih na\u0161ih kupaca.<\/p>\n<p>Sukladno Zakonu o za\u0161titi osobnih podataka, NN103-2003-06-26. Svi djelatnici Princ d.o.o. i poslovni partneri ugovorno su obvezni po\u0161tivati na\u010dela za\u0161tite privatnosti i tajnosti podataka. Prikupljamo samo nu\u017ene, osnovne podatke o korisnicima i informiramo korisnike o na\u010dinu njihova kori\u0161tenja. Redovito dajemo korisnicima mogu\u0107nost izbora o upotrebi njihovih podataka, uklju\u010duju\u0107i mogu\u0107nost odluke \u017eele li ili ne da se njihov e-mail ukloni s lista koje se koriste za marketin\u0161ke kampanje.<\/p>\n<p>Osobni podaci kupaca se \u010duvaju na sigurnom poslu\u017eitelju i dostupni su samo djelatnicima Princ d.o.o. kojima su ti podaci nu\u017eni za pru\u017eanje kvalitetne usluge na\u0161im korisnicima. Uporaba podataka ograni\u010dena je na komunikaciju s korisnicima u svrhu marketin\u0161ke kampanje.<\/p>\n<p>Princ d.o.o. jam\u010di da osobni podaci korisnika Internet stranice www.princ-card.com ne\u0107e nikada biti dani na uvid i uporabu tre\u0107oj strani, bez prethodne izri\u010dite privole korisnika. Od ovoga se izuzima uvid od strane ovla\u0161tenih slu\u017ebi izvr\u0161ne dr\u017eavne vlasti Republike Hrvatske, za potrebe istra\u017enih radnji temeljem valjanog sudskog naloga.<\/p>\n<p>Registracijom potvr\u0111ujete to\u010dnost i potpunost u obrascu navedenih podataka te dajete izri\u010ditu suglasnost da Princ d.o.o. mo\u017ee, sukladno odredbama Zakona o za\u0161titi osobnih podataka, obra\u0111ivati osobne podatke nazna\u010dene u obrascu za potrebe vlastitih evidencija i pru\u017eanja usluga obavje\u0161\u0107ivanja o novim proizvodima i uslugama.<\/p>\n<p>&nbsp;<\/p>\n<p><strong>GOOGLE ANALYTICS<\/strong><\/p>\n<p>Mre\u017ena stranica koristi Google Analytics, mre\u017enu uslugu za analizu koju omogu\u0107uje Google, Inc. (\u201cGoogle\u201d). Google Analytics koristi \u201ckola\u010di\u0107e\u201d, tekstualne datoteke spremljene na Va\u0161e ra\u010dunalo kako bi se mre\u017enoj stranici pomoglo u analizi na\u010dina na koji korisnici koriste stranicu. Informacije koje kola\u010di\u0107 generira o kori\u0161tenju mre\u017ene stranice (uklju\u010duju\u0107i i anonimnu IP adresu) dostavljaju se Googleu koji ih pohranjuje na servere u Sjedinjenim Dr\u017eavama. Google \u0107e ove podatke koristiti u svrhu evaluacije kori\u0161tenja mre\u017ene stranice, izrade izvje\u0161taja o aktivnosti na mre\u017enoj stranici za operatere mre\u017ene stranice i za pru\u017eanje drugih usluga vezanih za aktivnosti na mre\u017enoj stranici i kori\u0161tenje interneta. Google tako\u0111er ove informacije mo\u017ee proslijediti tre\u0107im stranama kada se to zahtijeva po zakonu ili ako te tre\u0107e strane informacije obra\u0111uju u ime i za ra\u010dun Googlea. Google ne\u0107e povezati Va\u0161u IP adresu s bilo kojim drugim podatkom s kojima Google raspola\u017ee. Kori\u0161tenje kola\u010di\u0107a mo\u017eete odbiti odabirom za to namijenjenih postavki na Va\u0161em pregledniku, me\u0111utim, molimo Vas da primite na znanje da u tom slu\u010daju mo\u017eda ne\u0107ete mo\u0107i koristiti sve funkcije na ovoj stranici. Kori\u0161tenjem ove mre\u017ene stranice, pristajete da Google obradi podatke o Vama na gore navedeni na\u010din i u navedene svrhe.<\/p>\n<p>Google mo\u017eete sprije\u010diti u detektiranju kola\u010di\u0107a koji nastaje zbog i povezano s Va\u0161im kori\u0161tenjem ove mre\u017ene stranice (uklju\u010duju\u0107i i Va\u0161u IP adresu) kao i obradu tih podataka skidanjem i instalacijom dodatka preglednika (plugin): http:\/\/tools.google.com\/dlpage\/gaoptout?hl=en<\/p>\n<p>&nbsp;<\/p>\n<p><strong>IZJAVA O KOLA\u010cI\u0106IMA (COOKIE POLICY)<\/strong><\/p>\n<p>Kako bi posje\u0107ivanje na\u0161e internetske stranice bilo \u0161to ugodnije, ova stranica mora na Va\u0161e ra\u010dunalo spremiti malenu koli\u010dinu informacija, tzv. kola\u010di\u0107a (eng. cookies). Kola\u010di\u0107i, izme\u0111u ostalog, slu\u017ee da bi web stranica radila optimalno te kako bismo bili u stanju vr\u0161iti daljnja unaprje\u0111enja stranice u svrhu pobolj\u0161avanja Va\u0161ega iskustva pregledavanja. Kori\u0161tenjem ove web stranice pristajete na uporabu kola\u010di\u0107a. Blokiranje kola\u010di\u0107a je mogu\u0107e, nakon \u010dega \u0107ete i dalje mo\u0107i pregledavati stranicu, no neke njezine mogu\u0107nosti ne\u0107e Vam biti dostupne.<\/p>\n<p>&nbsp;<\/p>\n<p><strong>\u0160TO JE KOLA\u010cI\u0106?<\/strong><\/p>\n<p>Kola\u010di\u0107 je informacija spremljena na Va\u0161e ra\u010dunalo, tablet ili mobitel, koja mo\u017ee biti dostavljena neposredno od strane web stranice koju posjetite (kola\u010di\u0107i od prve strane) ili u suradnji i za potrebe web stranice koju posjetite od tre\u0107e strane (kola\u010di\u0107i tre\u0107e strane). Kola\u010di\u0107i obi\u010dno spremaju Va\u0161e postavke, postavke za web stranicu, kao \u0161to su npr. preferirani jezik ili sli\u010dne postavke. Kasnije, kada opet otvorite istu web stranicu, internetski preglednik \u0161alje natrag kola\u010di\u0107e koji pripadaju toj stranici. Ovo omogu\u0107ava stranici da prika\u017ee informacije prilago\u0111ene Va\u0161im potrebama. Kola\u010di\u0107i mogu spremati \u0161irok raspon informacija, uklju\u010duju\u0107i i dio osobnih informacija. Te informacije mogu biti spremljene jedino ukoliko Vi to omogu\u0107ite \u2013 web stranice ne mogu dobiti pristup informacijama koje im niste dali te ne mogu pristupiti drugim datotekama na Va\u0161em ra\u010dunalu.<\/p>\n","protected":false},"excerpt":{"rendered":"<p>ZA\u0160TITA OSOBNIH PODATAKA &nbsp; Princ d.o.o. obavezuje se \u010duvati privatnost i tajnost osobnih podataka svih na\u0161ih kupaca. Sukladno Zakonu o za\u0161titi osobnih podataka, NN103-2003-06-26. Svi djelatnici Princ d.o.o. i poslovni partneri ugovorno su obvezni po\u0161tivati na\u010dela za\u0161tite privatnosti i tajnosti podataka. Prikupljamo samo nu\u017ene, osnovne podatke o korisnicima i informiramo korisnike o na\u010dinu njihova kori\u0161tenja.&hellip;<\/p>\n","protected":false},"author":1,"featured_media":0,"parent":0,"menu_order":0,"comment_status":"closed","ping_status":"closed","template":"","meta":[],"class_list":["post-4682","page","type-page","status-publish","hentry","description-off"],"yoast_head":"<!-- This site is optimized with the Yoast SEO plugin v27.5 - https:\/\/yoast.com\/product\/yoast-seo-wordpress\/ -->\n<title>Privacy Policy - Princ<\/title>\n<meta name=\"robots\" content=\"index, follow, max-snippet:-1, max-image-preview:large, max-video-preview:-1\" \/>\n<link rel=\"canonical\" href=\"https:\/\/princ-card.com\/en\/privacy-policy\/\" \/>\n<meta property=\"og:locale\" content=\"en_US\" \/>\n<meta property=\"og:type\" content=\"article\" \/>\n<meta property=\"og:title\" content=\"Privacy Policy - Princ\" \/>\n<meta property=\"og:description\" content=\"ZA\u0160TITA OSOBNIH PODATAKA &nbsp; Princ d.o.o. obavezuje se \u010duvati privatnost i tajnost osobnih podataka svih na\u0161ih kupaca. Sukladno Zakonu o za\u0161titi osobnih podataka, NN103-2003-06-26. Svi djelatnici Princ d.o.o. i poslovni partneri ugovorno su obvezni po\u0161tivati na\u010dela za\u0161tite privatnosti i tajnosti podataka. Prikupljamo samo nu\u017ene, osnovne podatke o korisnicima i informiramo korisnike o na\u010dinu njihova kori\u0161tenja.&hellip;\" \/>\n<meta property=\"og:url\" content=\"https:\/\/princ-card.com\/en\/privacy-policy\/\" \/>\n<meta property=\"og:site_name\" content=\"Princ\" \/>\n<meta name=\"twitter:card\" content=\"summary_large_image\" \/>\n<meta name=\"twitter:label1\" content=\"Est. reading time\" \/>\n\t<meta name=\"twitter:data1\" content=\"4 minutes\" \/>\n<script type=\"application\/ld+json\" class=\"yoast-schema-graph\">{\"@context\":\"https:\\\/\\\/schema.org\",\"@graph\":[{\"@type\":\"WebPage\",\"@id\":\"https:\\\/\\\/princ-card.com\\\/en\\\/privacy-policy\\\/\",\"url\":\"https:\\\/\\\/princ-card.com\\\/en\\\/privacy-policy\\\/\",\"name\":\"Privacy Policy - Princ\",\"isPartOf\":{\"@id\":\"https:\\\/\\\/princ-card.com\\\/en\\\/#website\"},\"datePublished\":\"2021-02-10T14:37:09+00:00\",\"breadcrumb\":{\"@id\":\"https:\\\/\\\/princ-card.com\\\/en\\\/privacy-policy\\\/#breadcrumb\"},\"inLanguage\":\"en-US\",\"potentialAction\":[{\"@type\":\"ReadAction\",\"target\":[\"https:\\\/\\\/princ-card.com\\\/en\\\/privacy-policy\\\/\"]}]},{\"@type\":\"BreadcrumbList\",\"@id\":\"https:\\\/\\\/princ-card.com\\\/en\\\/privacy-policy\\\/#breadcrumb\",\"itemListElement\":[{\"@type\":\"ListItem\",\"position\":1,\"name\":\"Po\u010detna stranica\",\"item\":\"https:\\\/\\\/princ-card.com\\\/en\\\/\"},{\"@type\":\"ListItem\",\"position\":2,\"name\":\"Privacy Policy\"}]},{\"@type\":\"WebSite\",\"@id\":\"https:\\\/\\\/princ-card.com\\\/en\\\/#website\",\"url\":\"https:\\\/\\\/princ-card.com\\\/en\\\/\",\"name\":\"Princ\",\"description\":\"ID cards &amp; RFID solutions\",\"publisher\":{\"@id\":\"https:\\\/\\\/princ-card.com\\\/en\\\/#organization\"},\"potentialAction\":[{\"@type\":\"SearchAction\",\"target\":{\"@type\":\"EntryPoint\",\"urlTemplate\":\"https:\\\/\\\/princ-card.com\\\/en\\\/?s={search_term_string}\"},\"query-input\":{\"@type\":\"PropertyValueSpecification\",\"valueRequired\":true,\"valueName\":\"search_term_string\"}}],\"inLanguage\":\"en-US\"},{\"@type\":\"Organization\",\"@id\":\"https:\\\/\\\/princ-card.com\\\/en\\\/#organization\",\"name\":\"Princ d.o.o.\",\"url\":\"https:\\\/\\\/princ-card.com\\\/en\\\/\",\"logo\":{\"@type\":\"ImageObject\",\"inLanguage\":\"en-US\",\"@id\":\"https:\\\/\\\/princ-card.com\\\/en\\\/#\\\/schema\\\/logo\\\/image\\\/\",\"url\":\"https:\\\/\\\/princ-card.com\\\/wp-content\\\/uploads\\\/2021\\\/01\\\/PRINC_logo_HDI.png\",\"contentUrl\":\"https:\\\/\\\/princ-card.com\\\/wp-content\\\/uploads\\\/2021\\\/01\\\/PRINC_logo_HDI.png\",\"width\":257,\"height\":160,\"caption\":\"Princ d.o.o.\"},\"image\":{\"@id\":\"https:\\\/\\\/princ-card.com\\\/en\\\/#\\\/schema\\\/logo\\\/image\\\/\"}}]}<\/script>\n<!-- \/ Yoast SEO plugin. -->","yoast_head_json":{"title":"Privacy Policy - Princ","robots":{"index":"index","follow":"follow","max-snippet":"max-snippet:-1","max-image-preview":"max-image-preview:large","max-video-preview":"max-video-preview:-1"},"canonical":"https:\/\/princ-card.com\/en\/privacy-policy\/","og_locale":"en_US","og_type":"article","og_title":"Privacy Policy - Princ","og_description":"ZA\u0160TITA OSOBNIH PODATAKA &nbsp; Princ d.o.o. obavezuje se \u010duvati privatnost i tajnost osobnih podataka svih na\u0161ih kupaca. Sukladno Zakonu o za\u0161titi osobnih podataka, NN103-2003-06-26. Svi djelatnici Princ d.o.o. i poslovni partneri ugovorno su obvezni po\u0161tivati na\u010dela za\u0161tite privatnosti i tajnosti podataka. Prikupljamo samo nu\u017ene, osnovne podatke o korisnicima i informiramo korisnike o na\u010dinu njihova kori\u0161tenja.&hellip;","og_url":"https:\/\/princ-card.com\/en\/privacy-policy\/","og_site_name":"Princ","twitter_card":"summary_large_image","twitter_misc":{"Est. reading time":"4 minutes"},"schema":{"@context":"https:\/\/schema.org","@graph":[{"@type":"WebPage","@id":"https:\/\/princ-card.com\/en\/privacy-policy\/","url":"https:\/\/princ-card.com\/en\/privacy-policy\/","name":"Privacy Policy - Princ","isPartOf":{"@id":"https:\/\/princ-card.com\/en\/#website"},"datePublished":"2021-02-10T14:37:09+00:00","breadcrumb":{"@id":"https:\/\/princ-card.com\/en\/privacy-policy\/#breadcrumb"},"inLanguage":"en-US","potentialAction":[{"@type":"ReadAction","target":["https:\/\/princ-card.com\/en\/privacy-policy\/"]}]},{"@type":"BreadcrumbList","@id":"https:\/\/princ-card.com\/en\/privacy-policy\/#breadcrumb","itemListElement":[{"@type":"ListItem","position":1,"name":"Po\u010detna stranica","item":"https:\/\/princ-card.com\/en\/"},{"@type":"ListItem","position":2,"name":"Privacy Policy"}]},{"@type":"WebSite","@id":"https:\/\/princ-card.com\/en\/#website","url":"https:\/\/princ-card.com\/en\/","name":"Princ","description":"ID cards &amp; RFID solutions","publisher":{"@id":"https:\/\/princ-card.com\/en\/#organization"},"potentialAction":[{"@type":"SearchAction","target":{"@type":"EntryPoint","urlTemplate":"https:\/\/princ-card.com\/en\/?s={search_term_string}"},"query-input":{"@type":"PropertyValueSpecification","valueRequired":true,"valueName":"search_term_string"}}],"inLanguage":"en-US"},{"@type":"Organization","@id":"https:\/\/princ-card.com\/en\/#organization","name":"Princ d.o.o.","url":"https:\/\/princ-card.com\/en\/","logo":{"@type":"ImageObject","inLanguage":"en-US","@id":"https:\/\/princ-card.com\/en\/#\/schema\/logo\/image\/","url":"https:\/\/princ-card.com\/wp-content\/uploads\/2021\/01\/PRINC_logo_HDI.png","contentUrl":"https:\/\/princ-card.com\/wp-content\/uploads\/2021\/01\/PRINC_logo_HDI.png","width":257,"height":160,"caption":"Princ d.o.o."},"image":{"@id":"https:\/\/princ-card.com\/en\/#\/schema\/logo\/image\/"}}]}},"_links":{"self":[{"href":"https:\/\/princ-card.com\/en\/wp-json\/wp\/v2\/pages\/4682","targetHints":{"allow":["GET"]}}],"collection":[{"href":"https:\/\/princ-card.com\/en\/wp-json\/wp\/v2\/pages"}],"about":[{"href":"https:\/\/princ-card.com\/en\/wp-json\/wp\/v2\/types\/page"}],"author":[{"embeddable":true,"href":"https:\/\/princ-card.com\/en\/wp-json\/wp\/v2\/users\/1"}],"replies":[{"embeddable":true,"href":"https:\/\/princ-card.com\/en\/wp-json\/wp\/v2\/comments?post=4682"}],"version-history":[{"count":0,"href":"https:\/\/princ-card.com\/en\/wp-json\/wp\/v2\/pages\/4682\/revisions"}],"wp:attachment":[{"href":"https:\/\/princ-card.com\/en\/wp-json\/wp\/v2\/media?parent=4682"}],"curies":[{"name":"wp","href":"https:\/\/api.w.org\/{rel}","templated":true}]}}